{"id":132,"date":"2023-06-14T18:04:09","date_gmt":"2023-06-14T18:04:09","guid":{"rendered":"https:\/\/vinto.gob.bo\/?page_id=132"},"modified":"2026-04-17T17:21:44","modified_gmt":"2026-04-17T17:21:44","slug":"universidades-y-otros","status":"publish","type":"page","link":"https:\/\/vinto.gob.bo\/?page_id=132","title":{"rendered":"Universidades y Otros"},"content":{"rendered":"\t\t<div data-elementor-type=\"wp-page\" data-elementor-id=\"132\" class=\"elementor elementor-132\">\n\t\t\t\t\t\t\t\t\t<section class=\"elementor-section elementor-top-section elementor-element elementor-element-1131e86 elementor-section-boxed elementor-section-height-default elementor-section-height-default\" data-id=\"1131e86\" data-element_type=\"section\">\n\t\t\t\t\t\t<div class=\"elementor-container elementor-column-gap-default\">\n\t\t\t\t\t<div class=\"elementor-column elementor-col-100 elementor-top-column elementor-element elementor-element-75de667\" data-id=\"75de667\" data-element_type=\"column\">\n\t\t\t<div class=\"elementor-widget-wrap elementor-element-populated\">\n\t\t\t\t\t\t\t\t<div class=\"elementor-element elementor-element-aa00103 elementor-invisible elementor-widget elementor-widget-heading\" data-id=\"aa00103\" data-element_type=\"widget\" data-settings=\"{&quot;_animation&quot;:&quot;fadeInLeft&quot;,&quot;_animation_mobile&quot;:&quot;fadeInLeft&quot;}\" data-widget_type=\"heading.default\">\n\t\t\t\t<div class=\"elementor-widget-container\">\n\t\t\t<style>\/*! elementor - v3.13.3 - 28-05-2023 *\/\n.elementor-heading-title{padding:0;margin:0;line-height:1}.elementor-widget-heading .elementor-heading-title[class*=elementor-size-]>a{color:inherit;font-size:inherit;line-height:inherit}.elementor-widget-heading .elementor-heading-title.elementor-size-small{font-size:15px}.elementor-widget-heading .elementor-heading-title.elementor-size-medium{font-size:19px}.elementor-widget-heading .elementor-heading-title.elementor-size-large{font-size:29px}.elementor-widget-heading .elementor-heading-title.elementor-size-xl{font-size:39px}.elementor-widget-heading .elementor-heading-title.elementor-size-xxl{font-size:59px}<\/style><h2 class=\"elementor-heading-title elementor-size-default\">UNIVERSIDADES Y OTROS<\/h2>\t\t<\/div>\n\t\t\t\t<\/div>\n\t\t\t\t\t<\/div>\n\t\t<\/div>\n\t\t\t\t\t\t\t<\/div>\n\t\t<\/section>\n\t\t\t\t<section class=\"elementor-section elementor-top-section elementor-element elementor-element-295afa1 elementor-section-boxed elementor-section-height-default elementor-section-height-default\" data-id=\"295afa1\" data-element_type=\"section\">\n\t\t\t\t\t\t<div class=\"elementor-container elementor-column-gap-default\">\n\t\t\t\t\t<div class=\"elementor-column elementor-col-50 elementor-top-column elementor-element elementor-element-11b385b\" data-id=\"11b385b\" data-element_type=\"column\">\n\t\t\t<div class=\"elementor-widget-wrap elementor-element-populated\">\n\t\t\t\t\t\t\t\t<div class=\"elementor-element elementor-element-b5a5fb2 elementor-widget elementor-widget-image\" data-id=\"b5a5fb2\" data-element_type=\"widget\" data-widget_type=\"image.default\">\n\t\t\t\t<div class=\"elementor-widget-container\">\n\t\t\t<style>\/*! elementor - v3.13.3 - 28-05-2023 *\/\n.elementor-widget-image{text-align:center}.elementor-widget-image a{display:inline-block}.elementor-widget-image a img[src$=\".svg\"]{width:48px}.elementor-widget-image img{vertical-align:middle;display:inline-block}<\/style>\t\t\t\t\t\t\t\t\t\t\t\t<img decoding=\"async\" width=\"626\" height=\"785\" src=\"https:\/\/vinto.gob.bo\/wp-content\/uploads\/2026\/04\/visita.png\" class=\"attachment-large size-large wp-image-3874\" alt=\"\" loading=\"lazy\" srcset=\"https:\/\/vinto.gob.bo\/wp-content\/uploads\/2026\/04\/visita.png 626w, https:\/\/vinto.gob.bo\/wp-content\/uploads\/2026\/04\/visita-239x300.png 239w\" sizes=\"(max-width: 626px) 100vw, 626px\" \/>\t\t\t\t\t\t\t\t\t\t\t\t\t\t\t<\/div>\n\t\t\t\t<\/div>\n\t\t\t\t\t<\/div>\n\t\t<\/div>\n\t\t\t\t<div class=\"elementor-column elementor-col-50 elementor-top-column elementor-element elementor-element-dc12851\" data-id=\"dc12851\" data-element_type=\"column\">\n\t\t\t<div class=\"elementor-widget-wrap elementor-element-populated\">\n\t\t\t\t\t\t\t\t<div class=\"elementor-element elementor-element-bebea66 elementor-widget elementor-widget-text-editor\" data-id=\"bebea66\" data-element_type=\"widget\" data-widget_type=\"text-editor.default\">\n\t\t\t\t<div class=\"elementor-widget-container\">\n\t\t\t<style>\/*! elementor - v3.13.3 - 28-05-2023 *\/\n.elementor-widget-text-editor.elementor-drop-cap-view-stacked .elementor-drop-cap{background-color:#69727d;color:#fff}.elementor-widget-text-editor.elementor-drop-cap-view-framed .elementor-drop-cap{color:#69727d;border:3px solid;background-color:transparent}.elementor-widget-text-editor:not(.elementor-drop-cap-view-default) .elementor-drop-cap{margin-top:8px}.elementor-widget-text-editor:not(.elementor-drop-cap-view-default) .elementor-drop-cap-letter{width:1em;height:1em}.elementor-widget-text-editor .elementor-drop-cap{float:left;text-align:center;line-height:1;font-size:50px}.elementor-widget-text-editor .elementor-drop-cap-letter{display:inline-block}<\/style>\t\t\t\t<p class=\"MsoNormal\" style=\"text-align: center;\" align=\"center\"><b><span lang=\"ES\" style=\"font-family: Montserrat; mso-bidi-font-family: Arial; color: #ff6600;\">ESTUDIANTES DE LA CARRERA DE INGENIER\u00cdA CIVIL REALIZAN VISITA ACAD\u00c9MICA<\/span><\/b><\/p><p style=\"text-align: justify;\"><span style=\"color: #54595f; font-family: Lato, sans-serif; text-align: justify; font-weight: var( --e-global-typography-text-font-weight ); background-color: var(--ast-global-color-5); font-size: 1rem;\">Estudiantes de la Carrera de Ingenier\u00eda Civil de la Universidad T\u00e9cnica de Oruro que cursan el 8tvo. semestre en la asignatura Impacto ambiental en obras civiles, realizaron una visita acad\u00e9mica a la Empresa Metal\u00farcia Vinto. <\/span><\/p><p style=\"text-align: justify;\"><span style=\"color: #54595f; font-family: Lato, sans-serif; text-align: justify; font-weight: var( --e-global-typography-text-font-weight ); background-color: var(--ast-global-color-5); font-size: 1rem;\">Los d\u00edas jueves de todo el a\u00f1o, la Empresa Metal\u00fargica Vinto abres sus puertas a delegaciones de estudiantes de Universidades, Institutos y Colegios, para visitas guiadas por el personal de Seguridad Industrial, Higiene y Salud Ocupacional<\/span><\/p><p style=\"text-align: justify;\"><span style=\"color: #54595f; font-family: Lato, sans-serif; text-align: justify; font-weight: var( --e-global-typography-text-font-weight ); background-color: var(--ast-global-color-5); font-size: 1rem;\">Conducidos por el personal de Seguridad Industrial, los\/as 31 estudiantes junto a la Auxiliar de c\u00e1tedra Lizeth Fern\u00e1ndez, visitaron unidades productivas como el Horno Ausmelt, los hornos Reverberos, el \u00e1rea de Refinaci\u00f3n T\u00e9rmica y la Bodega de productos terminados.\u00a0 Asimismo realizaron consultas sobre la gesti\u00f3n ambiental que lleva adelante la EMV.<\/span><\/p><p style=\"text-align: justify;\"><span style=\"color: #54595f; font-family: Lato, sans-serif; text-align: justify; font-weight: var( --e-global-typography-text-font-weight ); background-color: var(--ast-global-color-5); font-size: 1rem;\">La Empresa Metal\u00fargica Vinto hace efectivo su compromiso con la formaci\u00f3n de profesionales de universidades p\u00fablicas y privadas as\u00ed como de institutos t\u00e9cnicos de nuestro pa\u00eds, abriendo sus puertas como espacio de aprendizaje concreto, sobre la industria minero metal\u00fargica en la ciudad de Oruro.<\/span><\/p><p style=\"text-align: justify;\"><span style=\"color: #54595f; font-family: Lato, sans-serif; text-align: justify; font-weight: var( --e-global-typography-text-font-weight ); background-color: var(--ast-global-color-5); font-size: 1rem;\">\u00a0<\/span><\/p>\t\t\t\t\t\t<\/div>\n\t\t\t\t<\/div>\n\t\t\t\t\t<\/div>\n\t\t<\/div>\n\t\t\t\t\t\t\t<\/div>\n\t\t<\/section>\n\t\t\t\t<section class=\"elementor-section elementor-top-section elementor-element elementor-element-e38adfc elementor-section-boxed elementor-section-height-default elementor-section-height-default\" data-id=\"e38adfc\" data-element_type=\"section\">\n\t\t\t\t\t\t<div class=\"elementor-container elementor-column-gap-default\">\n\t\t\t\t\t<div class=\"elementor-column elementor-col-50 elementor-top-column elementor-element elementor-element-d0fd5f2\" data-id=\"d0fd5f2\" data-element_type=\"column\">\n\t\t\t<div class=\"elementor-widget-wrap elementor-element-populated\">\n\t\t\t\t\t\t\t\t<div class=\"elementor-element elementor-element-8134945 elementor-absolute elementor-pagination-position-outside elementor-widget elementor-widget-image-carousel\" data-id=\"8134945\" data-element_type=\"widget\" data-settings=\"{&quot;navigation&quot;:&quot;dots&quot;,&quot;_position&quot;:&quot;absolute&quot;,&quot;autoplay&quot;:&quot;yes&quot;,&quot;pause_on_hover&quot;:&quot;yes&quot;,&quot;pause_on_interaction&quot;:&quot;yes&quot;,&quot;autoplay_speed&quot;:5000,&quot;infinite&quot;:&quot;yes&quot;,&quot;speed&quot;:500}\" data-widget_type=\"image-carousel.default\">\n\t\t\t\t<div class=\"elementor-widget-container\">\n\t\t\t<style>\/*! elementor - v3.13.3 - 28-05-2023 *\/\n.elementor-widget-image-carousel .swiper,.elementor-widget-image-carousel .swiper-container{position:static}.elementor-widget-image-carousel .swiper-container .swiper-slide figure,.elementor-widget-image-carousel .swiper .swiper-slide figure{line-height:inherit}.elementor-widget-image-carousel .swiper-slide{text-align:center}.elementor-image-carousel-wrapper:not(.swiper-container-initialized):not(.swiper-initialized) .swiper-slide{max-width:calc(100% \/ var(--e-image-carousel-slides-to-show, 3))}<\/style>\t\t<div class=\"elementor-image-carousel-wrapper swiper\" dir=\"ltr\">\n\t\t\t<div class=\"elementor-image-carousel swiper-wrapper\">\n\t\t\t\t\t\t\t\t<div class=\"swiper-slide\"><figure class=\"swiper-slide-inner\"><img decoding=\"async\" class=\"swiper-slide-image\" src=\"https:\/\/vinto.gob.bo\/wp-content\/uploads\/2025\/05\/VISITA-3-Productos-term-1-150x150.png\" alt=\"VISITA 3-Productos term\" \/><\/figure><\/div><div class=\"swiper-slide\"><figure class=\"swiper-slide-inner\"><img decoding=\"async\" class=\"swiper-slide-image\" src=\"https:\/\/vinto.gob.bo\/wp-content\/uploads\/2025\/05\/2-VISITA-REfinacion-termica-1-150x150.png\" alt=\"2 VISITA REfinaci\u00f3n t\u00e9rmica\" \/><\/figure><\/div><div class=\"swiper-slide\"><figure class=\"swiper-slide-inner\"><img decoding=\"async\" class=\"swiper-slide-image\" src=\"https:\/\/vinto.gob.bo\/wp-content\/uploads\/2025\/05\/1-VISITA-Alta-ley-1-150x150.png\" alt=\"1 VISITA Alta ley\" \/><\/figure><\/div>\t\t\t<\/div>\n\t\t\t\t\t\t\t\t\t\t\t\t<div class=\"swiper-pagination\"><\/div>\n\t\t\t\t\t\t\t\t\t\t\t\t\t<\/div>\n\t\t\t\t<\/div>\n\t\t\t\t<\/div>\n\t\t\t\t\t<\/div>\n\t\t<\/div>\n\t\t\t\t<div class=\"elementor-column elementor-col-50 elementor-top-column elementor-element elementor-element-6921e4a\" data-id=\"6921e4a\" data-element_type=\"column\">\n\t\t\t<div class=\"elementor-widget-wrap elementor-element-populated\">\n\t\t\t\t\t\t\t\t<div class=\"elementor-element elementor-element-26b63a6 elementor-widget elementor-widget-text-editor\" data-id=\"26b63a6\" data-element_type=\"widget\" data-widget_type=\"text-editor.default\">\n\t\t\t\t<div class=\"elementor-widget-container\">\n\t\t\t\t\t\t\t<p class=\"MsoNormal\" style=\"text-align: center;\" align=\"center\"><b><span lang=\"ES\" style=\"font-family: Montserrat; mso-bidi-font-family: Arial; color: #ff6600;\">ESTUDIANTES DE INGENIER\u00cdA CIVIL DE LA UNIVERSIDAD T\u00c9CNICA DE ORURO VISITAN LA EMPRESA METAL\u00daRGICA VINTO<\/span><\/b><\/p><p style=\"text-align: justify;\"><span style=\"color: #54595f; font-family: Lato, sans-serif; text-align: justify; font-weight: var( --e-global-typography-text-font-weight ); background-color: var(--ast-global-color-5); font-size: 1rem;\">Con el objetivo de consolidar su formaci\u00f3n profesional en el escenario de la pr\u00e1ctica, 48 estudiantes de 8vo. semestre de la Carrera de Ingenier\u00eda Civil de la Universidad T\u00e9cnica de Oruro (UTO) visitaron la Empresa e hicieron un recorrido en Planta por las principales unidades productivas. La delegaci\u00f3n estaba integrada por 34 estudiantes varones y 14 estudiantes mujeres, acompa\u00f1ados de su auxiliar de c\u00e1tedra.<br \/><\/span><\/p><p style=\"text-align: justify;\"><span style=\"color: #54595f; font-family: Lato, sans-serif; text-align: justify; font-weight: var( --e-global-typography-text-font-weight ); background-color: var(--ast-global-color-5); font-size: 1rem;\">La iniciativa, orientada a vincular la teor\u00eda con la pr\u00e1ctica, brind\u00f3 a los estudiantes la oportunidad de observar de manera directa el proceso de reducci\u00f3n, refinaci\u00f3n hasta la transformaci\u00f3n del producto final, esta\u00f1o met\u00e1lico en lingotes marca ENAF.<br \/><\/span><\/p><p style=\"text-align: justify;\"><span style=\"color: #54595f; font-family: Lato, sans-serif; text-align: justify; font-weight: var( --e-global-typography-text-font-weight ); background-color: var(--ast-global-color-5); font-size: 1rem;\">Durante el recorrido, personal t\u00e9cnico de la Empresa explic\u00f3 cada una de las etapas del proceso, para la obtenci\u00f3n del producto final.<br \/><\/span><\/p><p style=\"text-align: justify;\"><span style=\"color: #54595f; font-family: Lato, sans-serif; text-align: justify; font-weight: var( --e-global-typography-text-font-weight ); background-color: var(--ast-global-color-5); font-size: 1rem;\">La Empresa Metal\u00fargica Vinto, como parte de su pol\u00edtica de Responsabilidad social, recibe visitas de delegaciones de estudiantes del todo el pa\u00eds y facilita a los futuros profesionales acceso a informaci\u00f3n t\u00e9cnica.<br \/><\/span><\/p><p style=\"text-align: justify;\"><span style=\"color: #54595f; font-family: Lato, sans-serif; text-align: justify; font-weight: var( --e-global-typography-text-font-weight ); background-color: var(--ast-global-color-5); font-size: 1rem;\">Estamos comprometidos con nuestros j\u00f3venes que se forman en las universidades bolivianas.\u00a0<em><span style=\"color: #ff6600;\"><a style=\"color: #ff6600;\" href=\"https:\/\/www.facebook.com\/share\/p\/16cJkvBkp6\/\">http:\/\/Facebook<\/a><\/span><\/em><br \/><\/span><\/p>\t\t\t\t\t\t<\/div>\n\t\t\t\t<\/div>\n\t\t\t\t\t<\/div>\n\t\t<\/div>\n\t\t\t\t\t\t\t<\/div>\n\t\t<\/section>\n\t\t\t\t\t\t\t<\/div>\n\t\t","protected":false},"excerpt":{"rendered":"<p>UNIVERSIDADES Y OTROS ESTUDIANTES DE LA CARRERA DE INGENIER\u00cdA CIVIL REALIZAN VISITA ACAD\u00c9MICA Estudiantes de la Carrera de Ingenier\u00eda Civil de la Universidad T\u00e9cnica de Oruro que cursan el 8tvo. semestre en la asignatura Impacto ambiental en obras civiles, realizaron una visita acad\u00e9mica a la Empresa Metal\u00farcia Vinto. Los d\u00edas jueves de todo el a\u00f1o, &hellip;<\/p>\n<p class=\"read-more\"> <a class=\"\" href=\"https:\/\/vinto.gob.bo\/?page_id=132\"> <span class=\"screen-reader-text\">Universidades y Otros<\/span> Leer m\u00e1s &raquo;<\/a><\/p>\n","protected":false},"author":1,"featured_media":0,"parent":0,"menu_order":0,"comment_status":"closed","ping_status":"closed","template":"","meta":{"_eb_attr":"","site-sidebar-layout":"no-sidebar","site-content-layout":"page-builder","ast-global-header-display":"","ast-banner-title-visibility":"","ast-main-header-display":"","ast-hfb-above-header-display":"","ast-hfb-below-header-display":"","ast-hfb-mobile-header-display":"","site-post-title":"disabled","ast-breadcrumbs-content":"","ast-featured-img":"disabled","footer-sml-layout":"","theme-transparent-header-meta":"","adv-header-id-meta":"","stick-header-meta":"","header-above-stick-meta":"","header-main-stick-meta":"","header-below-stick-meta":""},"_links":{"self":[{"href":"https:\/\/vinto.gob.bo\/index.php?rest_route=\/wp\/v2\/pages\/132"}],"collection":[{"href":"https:\/\/vinto.gob.bo\/index.php?rest_route=\/wp\/v2\/pages"}],"about":[{"href":"https:\/\/vinto.gob.bo\/index.php?rest_route=\/wp\/v2\/types\/page"}],"author":[{"embeddable":true,"href":"https:\/\/vinto.gob.bo\/index.php?rest_route=\/wp\/v2\/users\/1"}],"replies":[{"embeddable":true,"href":"https:\/\/vinto.gob.bo\/index.php?rest_route=%2Fwp%2Fv2%2Fcomments&post=132"}],"version-history":[{"count":28,"href":"https:\/\/vinto.gob.bo\/index.php?rest_route=\/wp\/v2\/pages\/132\/revisions"}],"predecessor-version":[{"id":3878,"href":"https:\/\/vinto.gob.bo\/index.php?rest_route=\/wp\/v2\/pages\/132\/revisions\/3878"}],"wp:attachment":[{"href":"https:\/\/vinto.gob.bo\/index.php?rest_route=%2Fwp%2Fv2%2Fmedia&parent=132"}],"curies":[{"name":"wp","href":"https:\/\/api.w.org\/{rel}","templated":true}]}}