{"id":114,"date":"2023-06-14T18:01:51","date_gmt":"2023-06-14T18:01:51","guid":{"rendered":"https:\/\/vinto.gob.bo\/?page_id=114"},"modified":"2025-05-15T13:15:46","modified_gmt":"2025-05-15T13:15:46","slug":"proyectos-e-investigaciones","status":"publish","type":"page","link":"https:\/\/vinto.gob.bo\/?page_id=114","title":{"rendered":"Proyectos e Investigaciones"},"content":{"rendered":"\t\t<div data-elementor-type=\"wp-page\" data-elementor-id=\"114\" class=\"elementor elementor-114\">\n\t\t\t\t\t\t\t\t\t<section class=\"elementor-section elementor-top-section elementor-element elementor-element-89320a3 elementor-section-boxed elementor-section-height-default elementor-section-height-default\" data-id=\"89320a3\" data-element_type=\"section\">\n\t\t\t\t\t\t<div class=\"elementor-container elementor-column-gap-default\">\n\t\t\t\t\t<div class=\"elementor-column elementor-col-100 elementor-top-column elementor-element elementor-element-1b5c719\" data-id=\"1b5c719\" data-element_type=\"column\">\n\t\t\t<div class=\"elementor-widget-wrap elementor-element-populated\">\n\t\t\t\t\t\t\t\t<div class=\"elementor-element elementor-element-299502b elementor-invisible elementor-widget elementor-widget-heading\" data-id=\"299502b\" data-element_type=\"widget\" data-settings=\"{&quot;_animation&quot;:&quot;fadeInLeft&quot;,&quot;_animation_mobile&quot;:&quot;fadeInLeft&quot;}\" data-widget_type=\"heading.default\">\n\t\t\t\t<div class=\"elementor-widget-container\">\n\t\t\t<style>\/*! elementor - v3.13.3 - 28-05-2023 *\/\n.elementor-heading-title{padding:0;margin:0;line-height:1}.elementor-widget-heading .elementor-heading-title[class*=elementor-size-]>a{color:inherit;font-size:inherit;line-height:inherit}.elementor-widget-heading .elementor-heading-title.elementor-size-small{font-size:15px}.elementor-widget-heading .elementor-heading-title.elementor-size-medium{font-size:19px}.elementor-widget-heading .elementor-heading-title.elementor-size-large{font-size:29px}.elementor-widget-heading .elementor-heading-title.elementor-size-xl{font-size:39px}.elementor-widget-heading .elementor-heading-title.elementor-size-xxl{font-size:59px}<\/style><h2 class=\"elementor-heading-title elementor-size-default\">PROYECTO<br>\"DESARROLLO, INGENIER\u00cdA, PROCURA, CONSTRUCCI\u00d3N Y PUESTA EN MARCHA <br>DE UNA PLANTA REFINADORA DE ZINC ORURO<\/h2>\t\t<\/div>\n\t\t\t\t<\/div>\n\t\t\t\t\t<\/div>\n\t\t<\/div>\n\t\t\t\t\t\t\t<\/div>\n\t\t<\/section>\n\t\t\t\t<section class=\"elementor-section elementor-top-section elementor-element elementor-element-6a353e5 elementor-section-boxed elementor-section-height-default elementor-section-height-default\" data-id=\"6a353e5\" data-element_type=\"section\">\n\t\t\t\t\t\t<div class=\"elementor-container elementor-column-gap-default\">\n\t\t\t\t\t<div class=\"elementor-column elementor-col-100 elementor-top-column elementor-element elementor-element-50b834e\" data-id=\"50b834e\" data-element_type=\"column\">\n\t\t\t<div class=\"elementor-widget-wrap elementor-element-populated\">\n\t\t\t\t\t\t\t\t<div class=\"elementor-element elementor-element-82ff2e8 elementor-widget elementor-widget-image\" data-id=\"82ff2e8\" data-element_type=\"widget\" data-widget_type=\"image.default\">\n\t\t\t\t<div class=\"elementor-widget-container\">\n\t\t\t<style>\/*! elementor - v3.13.3 - 28-05-2023 *\/\n.elementor-widget-image{text-align:center}.elementor-widget-image a{display:inline-block}.elementor-widget-image a img[src$=\".svg\"]{width:48px}.elementor-widget-image img{vertical-align:middle;display:inline-block}<\/style>\t\t\t\t\t\t\t\t\t\t\t\t<img decoding=\"async\" width=\"1024\" height=\"652\" src=\"https:\/\/vinto.gob.bo\/wp-content\/uploads\/2023\/06\/proyectos1.jpg\" class=\"attachment-large size-large wp-image-1231\" alt=\"\" loading=\"lazy\" \/>\t\t\t\t\t\t\t\t\t\t\t\t\t\t\t<\/div>\n\t\t\t\t<\/div>\n\t\t\t\t\t<\/div>\n\t\t<\/div>\n\t\t\t\t\t\t\t<\/div>\n\t\t<\/section>\n\t\t\t\t<section class=\"elementor-section elementor-top-section elementor-element elementor-element-768e829 elementor-section-boxed elementor-section-height-default elementor-section-height-default\" data-id=\"768e829\" data-element_type=\"section\">\n\t\t\t\t\t\t<div class=\"elementor-container elementor-column-gap-default\">\n\t\t\t\t\t<div class=\"elementor-column elementor-col-100 elementor-top-column elementor-element elementor-element-780986a\" data-id=\"780986a\" data-element_type=\"column\">\n\t\t\t<div class=\"elementor-widget-wrap elementor-element-populated\">\n\t\t\t\t\t\t\t\t<div class=\"elementor-element elementor-element-f6ffdbf elementor-invisible elementor-widget elementor-widget-text-editor\" data-id=\"f6ffdbf\" data-element_type=\"widget\" data-settings=\"{&quot;_animation&quot;:&quot;fadeInLeft&quot;}\" data-widget_type=\"text-editor.default\">\n\t\t\t\t<div class=\"elementor-widget-container\">\n\t\t\t<style>\/*! elementor - v3.13.3 - 28-05-2023 *\/\n.elementor-widget-text-editor.elementor-drop-cap-view-stacked .elementor-drop-cap{background-color:#69727d;color:#fff}.elementor-widget-text-editor.elementor-drop-cap-view-framed .elementor-drop-cap{color:#69727d;border:3px solid;background-color:transparent}.elementor-widget-text-editor:not(.elementor-drop-cap-view-default) .elementor-drop-cap{margin-top:8px}.elementor-widget-text-editor:not(.elementor-drop-cap-view-default) .elementor-drop-cap-letter{width:1em;height:1em}.elementor-widget-text-editor .elementor-drop-cap{float:left;text-align:center;line-height:1;font-size:50px}.elementor-widget-text-editor .elementor-drop-cap-letter{display:inline-block}<\/style>\t\t\t\t<p>Como contribuci\u00f3n al Plan de Desarrollo Econ\u00f3mico y Social cuyo objetivo es fortalecer al Estado Plurinacional transformando la matriz productiva del pa\u00eds a trav\u00e9s de la diversificaci\u00f3n, el mes de octubre de la gesti\u00f3n 2023 se realiz\u00f3 el proceso de calificaci\u00f3n y selecci\u00f3n de las empresas que se har\u00e1n cargo de la implementaci\u00f3n del Proyecto \u00abDESARROLLO, INGENIER\u00cdA, PROCURA, CONSTRUCCI\u00d3N Y PUESTA EN MARCHA DE UNA PLANTA REFINADORA DE ZINC ORURO y la Supervisi\u00f3n del mismo<span style=\"font-style: inherit; font-weight: inherit; color: var( --e-global-color-secondary ); background-color: var(--ast-global-color-5);\">.<\/span><\/p>\n<p><span style=\"font-style: inherit; font-weight: inherit; color: var( --e-global-color-secondary ); background-color: var(--ast-global-color-5);\">La empresa a cargo de la Construcci\u00f3n de la Planta Refinadora de Zinc Oruro es el Consorcio de nacionalidad chino ENFI-CRIG y la Supervisi\u00f3n del proyecto, a cargo de CHONG QING CISDI Engineering Consulting Co. LTD.<\/span><\/p>\n<p><span style=\"font-style: inherit; font-weight: inherit; color: var( --e-global-color-secondary ); background-color: var(--ast-global-color-5);\">Los contratos con ambas empresas de nacionalidad china fueron firmados el 27 de Octubre de 2023 en acto p\u00fablico, realizado en el Coliseo El Metalurgista-ENAF.<\/span><\/p>\n<p><span style=\"font-style: inherit; font-weight: inherit; color: var( --e-global-color-secondary ); background-color: var(--ast-global-color-5);\">EL 6 de febrero de 2024, el Estado Plurinacional de Bolivia y la Rep\u00fablica Popular de China suscribieron un convenio marco para el cr\u00e9dito preferencial de $us 350 M, que China otorga a Bolivia, para la ejecuci\u00f3n del Proyecto Desarrollo, Ingenier\u00eda, Procura, Construcci\u00f3n y puesta en marcha de la Planta Refinadora de Zinc en Oruro.<\/span><\/p>\n<p><span style=\"font-style: inherit; font-weight: inherit; color: var( --e-global-color-secondary ); background-color: var(--ast-global-color-5);\">El proyecto contempla el tratamiento anual de 150.000,00 Toneladas de concentrados de zinc, para la obtenci\u00f3n de Zinc met\u00e1lico de alta pureza y subproductos como el Indio, Cadmio, Azufre elemental, Esta\u00f1o y Plata.<\/span><\/p>\n<p><span style=\"font-style: inherit; font-weight: inherit; color: var( --e-global-color-secondary ); background-color: var(--ast-global-color-5);\">La tecnolog\u00eda a implementar es la Lixiviaci\u00f3n por alta presi\u00f3n de ox\u00edgeno que asegura procesos de refinaci\u00f3n de zinc eficientes y sostenibles.<\/span><\/p>\t\t\t\t\t\t<\/div>\n\t\t\t\t<\/div>\n\t\t\t\t\t<\/div>\n\t\t<\/div>\n\t\t\t\t\t\t\t<\/div>\n\t\t<\/section>\n\t\t\t\t\t\t\t<\/div>\n\t\t","protected":false},"excerpt":{"rendered":"<p>PROYECTO\u00abDESARROLLO, INGENIER\u00cdA, PROCURA, CONSTRUCCI\u00d3N Y PUESTA EN MARCHA DE UNA PLANTA REFINADORA DE ZINC ORURO Como contribuci\u00f3n al Plan de Desarrollo Econ\u00f3mico y Social cuyo objetivo es fortalecer al Estado Plurinacional transformando la matriz productiva del pa\u00eds a trav\u00e9s de la diversificaci\u00f3n, el mes de octubre de la gesti\u00f3n 2023 se realiz\u00f3 el proceso de &hellip;<\/p>\n<p class=\"read-more\"> <a class=\"\" href=\"https:\/\/vinto.gob.bo\/?page_id=114\"> <span class=\"screen-reader-text\">Proyectos e Investigaciones<\/span> Leer m\u00e1s &raquo;<\/a><\/p>\n","protected":false},"author":1,"featured_media":0,"parent":0,"menu_order":0,"comment_status":"closed","ping_status":"closed","template":"","meta":{"_eb_attr":"","site-sidebar-layout":"no-sidebar","site-content-layout":"page-builder","ast-global-header-display":"","ast-banner-title-visibility":"","ast-main-header-display":"","ast-hfb-above-header-display":"","ast-hfb-below-header-display":"","ast-hfb-mobile-header-display":"","site-post-title":"disabled","ast-breadcrumbs-content":"","ast-featured-img":"disabled","footer-sml-layout":"","theme-transparent-header-meta":"","adv-header-id-meta":"","stick-header-meta":"","header-above-stick-meta":"","header-main-stick-meta":"","header-below-stick-meta":""},"_links":{"self":[{"href":"https:\/\/vinto.gob.bo\/index.php?rest_route=\/wp\/v2\/pages\/114"}],"collection":[{"href":"https:\/\/vinto.gob.bo\/index.php?rest_route=\/wp\/v2\/pages"}],"about":[{"href":"https:\/\/vinto.gob.bo\/index.php?rest_route=\/wp\/v2\/types\/page"}],"author":[{"embeddable":true,"href":"https:\/\/vinto.gob.bo\/index.php?rest_route=\/wp\/v2\/users\/1"}],"replies":[{"embeddable":true,"href":"https:\/\/vinto.gob.bo\/index.php?rest_route=%2Fwp%2Fv2%2Fcomments&post=114"}],"version-history":[{"count":32,"href":"https:\/\/vinto.gob.bo\/index.php?rest_route=\/wp\/v2\/pages\/114\/revisions"}],"predecessor-version":[{"id":3101,"href":"https:\/\/vinto.gob.bo\/index.php?rest_route=\/wp\/v2\/pages\/114\/revisions\/3101"}],"wp:attachment":[{"href":"https:\/\/vinto.gob.bo\/index.php?rest_route=%2Fwp%2Fv2%2Fmedia&parent=114"}],"curies":[{"name":"wp","href":"https:\/\/api.w.org\/{rel}","templated":true}]}}